{"id":32168,"date":"2019-04-30T08:46:35","date_gmt":"2019-04-30T06:46:35","guid":{"rendered":"https:\/\/schrammen.info\/stage\/datenschutzerklaerung\/"},"modified":"2022-09-12T11:22:48","modified_gmt":"2022-09-12T09:22:48","slug":"datenschutzerklaerung","status":"publish","type":"page","link":"https:\/\/schrammen.info\/en\/datenschutzerklaerung\/","title":{"rendered":"Privacy Policy"},"content":{"rendered":"<p>[et_pb_section fb_built=&#8221;1&#8243; disabled_on=&#8221;off|off|&#8221; _builder_version=&#8221;4.16&#8243; inner_width_tablet=&#8221;50px&#8221; inner_max_width_tablet=&#8221;50px&#8221; z_index_tablet=&#8221;500&#8243; global_colors_info=&#8221;{}&#8221;][et_pb_row _builder_version=&#8221;4.16&#8243; global_colors_info=&#8221;{}&#8221;][et_pb_column type=&#8221;4_4&#8243; _builder_version=&#8221;4.16&#8243; custom_padding=&#8221;|||&#8221; global_colors_info=&#8221;{}&#8221; custom_padding__hover=&#8221;|||&#8221;][et_pb_text admin_label=&#8221;Datenschutz \u00dcberschrift&#8221; _builder_version=&#8221;4.16&#8243; custom_margin=&#8221;10px||-90px|&#8221; custom_margin_tablet=&#8221;-10px||-96px|&#8221; custom_margin_phone=&#8221;&#8221; custom_margin_last_edited=&#8221;on|desktop&#8221; z_index_tablet=&#8221;500&#8243; global_colors_info=&#8221;{}&#8221;]<\/p>\n<h2 style=\"text-align: center;\"><span id=\"kontakttitle\" style=\"font-family: 'Frutiger LT W05_65 Bold5223371', Helvetica, Arial, Lucida, sans-serif !important; font-size: 80px;\">Privacy Policy<\/span><\/h2>\n<p>\u00a0<\/p>\n<p style=\"text-align: center;\"><span style=\"font-family: 'Frutiger LT W05_65 Bold5223371',Helvetica,Arial,Lucida,sans-serif!important; font-size: 20px;\">THE NECESSARY FINE PRINT<br \/><\/span><\/p>\n<p>[\/et_pb_text][\/et_pb_column][\/et_pb_row][\/et_pb_section][et_pb_section fb_built=&#8221;1&#8243; _builder_version=&#8221;4.16&#8243; inner_width_tablet=&#8221;50px&#8221; inner_max_width_tablet=&#8221;50px&#8221; z_index_tablet=&#8221;500&#8243; global_colors_info=&#8221;{}&#8221;][et_pb_row _builder_version=&#8221;4.16&#8243; background_size=&#8221;initial&#8221; background_position=&#8221;top_left&#8221; background_repeat=&#8221;repeat&#8221; global_colors_info=&#8221;{}&#8221; column_structure=&#8221;1_5,3_5,1_5&#8243;][et_pb_column type=&#8221;1_5&#8243; _builder_version=&#8221;4.16&#8243; custom_padding=&#8221;|||&#8221; global_colors_info=&#8221;{}&#8221; custom_padding__hover=&#8221;|||&#8221;][\/et_pb_column][et_pb_column type=&#8221;3_5&#8243; _builder_version=&#8221;4.16&#8243; custom_padding=&#8221;|||&#8221; global_colors_info=&#8221;{}&#8221; custom_padding__hover=&#8221;|||&#8221;][et_pb_text _builder_version=&#8221;4.17.4&#8243; text_font=&#8221;frutiger light||||||||&#8221; custom_margin=&#8221;-20px||-10px|&#8221; custom_margin_tablet=&#8221;0px||-10px|&#8221; custom_margin_phone=&#8221;&#8221; custom_margin_last_edited=&#8221;on|desktop&#8221; hover_enabled=&#8221;0&#8243; z_index_tablet=&#8221;500&#8243; global_colors_info=&#8221;{}&#8221; sticky_enabled=&#8221;0&#8243;]<\/p>\n<p><strong>1. An overview of data protection<\/strong><\/p>\n<p>&nbsp;<\/p>\n<p><strong>General<\/strong><br \/>The following gives a simple overview of what happens to your personal information when you visit our website. Personal information is any data with which you could be personally identified. Detailed information on the subject of data protection can be found in our privacy policy found below.<\/p>\n<p>&nbsp;<\/p>\n<p><strong>Who is responsible for the data collection on this website?<\/strong><br \/>The data collected on this website are processed by the website operator. The operator&#8217;s contact details can be found in the website&#8217;s required legal notice.<\/p>\n<p>&nbsp;<\/p>\n<p><strong>How do we collect your data?<\/strong><br \/>Some data are collected when you provide it to us. This could, for example, be data you enter on a contact form.<\/p>\n<p>&nbsp;<\/p>\n<p>Other data are collected automatically by our IT systems when you visit the website. These data are primarily technical data such as the browser and operating system you are using or when you accessed the page. These data are collected automatically as soon as you enter our website.<\/p>\n<p>&nbsp;<\/p>\n<p><strong>What do we use your data for?<\/strong><br \/>Part of the data is collected to ensure the proper functioning of the website. Other data can be used to analyze how visitors use the site.<\/p>\n<p>&nbsp;<\/p>\n<p><strong>What rights do you have regarding your data?<\/strong><br \/>You always have the right to request information about your stored data, its origin, its recipients, and the purpose of its collection at no charge. You also have the right to request that it be corrected, blocked, or deleted. You can contact us at any time using the address given in the legal notice if you have further questions about the issue of privacy and data protection. You may also, of course, file a complaint with the competent regulatory authorities.<\/p>\n<p>&nbsp;<\/p>\n<p><strong>Analytics and third-party tools<\/strong><br \/>When visiting our website, statistical analyses may be made of your surfing behavior. This happens primarily using cookies and analytics. The analysis of your surfing behavior is usually anonymous, i.e. we will not be able to identify you from this data. You can object to this analysis or prevent it by not using certain tools. Detailed information can be found in the following privacy policy.<\/p>\n<p>&nbsp;<\/p>\n<p>You can object to this analysis. We will inform you below about how to exercise your options in this regard.<\/p>\n<p>&nbsp;<\/p>\n<p><strong>2. General information and mandatory information<\/strong><\/p>\n<p>&nbsp;<\/p>\n<p><strong>Data protection<\/strong><br \/>The operators of this website take the protection of your personal data very seriously. We treat your personal data as confidential and in accordance with the statutory data protection regulations and this privacy policy.<\/p>\n<p>&nbsp;<\/p>\n<p>If you use this website, various pieces of personal data will be collected. Personal information is any data with which you could be personally identified. This privacy policy explains what information we collect and what we use it for. It also explains how and for what purpose this happens.<\/p>\n<p>&nbsp;<\/p>\n<p>Please note that data transmitted via the internet (e.g. via email communication) may be subject to security breaches. Complete protection of your data from third-party access is not possible.<\/p>\n<p>&nbsp;<\/p>\n<p><strong>Notice concerning the party responsible for this website<\/strong><br \/>Schrammen Architekten BDA GmbH &amp; Co. KG<br \/>Architekt, Stadtplaner und Generalplaner<br \/>Karmannsstra\u00dfe 57<br \/>D-41061 M\u00f6nchengladbach<\/p>\n<p>&nbsp;<\/p>\n<p style=\"text-align: left;\"><a href=\"tel:+4900216182388-0\">T +49 (0) 2161 82388-0<\/a><br \/>F +49 (0) 2161 82388-8<\/p>\n<p style=\"text-align: left;\"><a href=\"mailto:schrammen@schrammen.info\">schrammen@schrammen.info<\/a><\/p>\n<p>&nbsp;<\/p>\n<p>The responsible party is the natural or legal person who alone or jointly with others decides on the purposes and means of processing personal data (names, email addresses, etc.).<\/p>\n<p>&nbsp;<\/p>\n<p><strong>Revocation of your consent to the processing of your data<\/strong><br \/>Many data processing operations are only possible with your express consent. You may revoke your consent at any time with future effect. An informal email making this request is sufficient. The data processed before we receive your request may still be legally processed.<\/p>\n<p>&nbsp;<\/p>\n<p><strong>SSL or TLS encryption<\/strong><br \/>This site uses SSL or TLS encryption for security reasons and for the protection of the transmission of confidential content, such as the inquiries you send to us as the site operator. You can recognize an encrypted connection in your browser&#8217;s address line when it changes from \u00bbhttp:\/\/\u00ab to \u00bbhttps:\/\/\u00ab and the lock icon is displayed in your browser&#8217;s address bar.<\/p>\n<p>&nbsp;<\/p>\n<p>If SSL or TLS encryption is activated, the data you transfer to us cannot be read by third parties.<\/p>\n<p>&nbsp;<\/p>\n<p><strong>Information, blocking, deletion<\/strong><br \/>As permitted by law, you have the right to be provided at any time with information free of charge about any of your personal data that is stored as well as its origin, the recipient and the purpose for which it has been processed. You also have the right to have this data corrected, blocked or deleted. You can contact us at any time using the address given in our legal notice if you have further questions on the topic of personal data.<\/p>\n<p>&nbsp;<\/p>\n<p><strong>Opposition to promotional emails<\/strong><br \/>We hereby expressly prohibit the use of contact data published in the context of website legal notice requirements with regard to sending promotional and informational materials not expressly requested. The website operator reserves the right to take specific legal action if unsolicited advertising material, such as email spam, is received.<\/p>\n<p>&nbsp;<\/p>\n<p><strong>3. Data collection on our website<\/strong><\/p>\n<p>&nbsp;<\/p>\n<p><strong>Cookies<\/strong><br \/>Some of our web pages use cookies. Cookies do not harm your computer and do not contain any viruses. Cookies help make our website more user-friendly, efficient, and secure. Cookies are small text files that are stored on your computer and saved by your browser.<\/p>\n<p>Most of the cookies we use are so-called \u00bbsession cookies\u00ab. They are automatically deleted after your visit. Other cookies remain in your device&#8217;s memory until you delete them. These cookies make it possible to recognize your browser when you next visit the site.<\/p>\n<p>You can configure your browser to inform you about the use of cookies so that you can decide on a case-by-case basis whether to accept or reject a cookie. Alternatively, your browser can be configured to automatically accept cookies under certain conditions or to always reject them, or to automatically delete cookies when closing your browser. Disabling cookies may limit the functionality of this website.<\/p>\n<p>Cookies which are necessary to allow electronic communications or to provide certain functions you wish to use (such as the shopping cart) are stored pursuant to Art. 6 paragraph 1, letter f of DSGVO. The website operator has a legitimate interest in the storage of cookies to ensure an optimized service provided free of technical errors. If other cookies (such as those used to analyze your surfing behavior) are also stored, they will be treated separately in this privacy policy.<\/p>\n<p>&nbsp;<\/p>\n<p><strong>Server log files<\/strong><br \/>The website provider automatically collects and stores information that your browser automatically transmits to us in \u00bbserver log files\u00ab. These are:<\/p>\n<ul>\n<li>Browser type and browser version<\/li>\n<li>Operating system used<\/li>\n<li>Referrer URL<\/li>\n<li>Host name of the accessing computer<\/li>\n<li>Time of the server request<\/li>\n<li>IP address<\/li>\n<\/ul>\n<p>These data will not be combined with data from other sources.<\/p>\n<p>The basis for data processing is Art. 6 (1) (b) DSGVO, which allows the processing of data to fulfill a contract or for measures preliminary to a contract.<\/p>\n<p>&nbsp;<\/p>\n<p><strong>Online applications<\/strong><br \/>We process your personal data in accordance with the applicable data protection regulations on the basis of \u00a7 26 BDSG. We process the data that you disclose to us as part of your online application for the sole purpose of selecting applicants. Data processing for other purposes does not take place.<\/p>\n<p>When applying, we process data from you that we need in the context of the application. This can be contact details, all data related to the application (curriculum vitae, certificates, qualifications, answers to questions, etc.) as well as, if necessary, bank details (to reimburse travel expenses). The legal basis for this arises from \u00a7 26 Federal Data Protection Act.<\/p>\n<p>If no statutory retention period exists, the data will be deleted as soon as storage is no longer required or the legitimate interest in storage has expired.<\/p>\n<p>&nbsp;<\/p>\n<p><strong>Facebook<\/strong><br \/>We operate under the URL https:\/\/www.facebook.com\/Schrammen-Architekten-BDA-122005454891992\/ an official Facebook page based on Art. 6 para. 1 lit. f) GDPR. Facebook uses the so-called \u00bbInsights\u00ab to provide us with statistical data that can be used to identify user interactions on or with the site. We use this aggregated data to make our posts and activities on our Facebook page more attractive to users.<\/p>\n<p>Facebook also uses so-called web tracking methods on this page. Please be aware that it can not be ruled out that Facebook will use your profile information, for example, to evaluate your habits, personal relationships, preferences, etc. We have no influence on the processing of your data by Facebook.<\/p>\n<p>Other data processing is not undertaken or initiated by us. The data entered by you on our Facebook page, such as Comments, videos or pictures are never used or processed by us for any other purpose.<\/p>\n<p>&nbsp;<\/p>\n<p><strong>Newsletter<\/strong><\/p>\n<p>We send a newsletter via the provider Sendinblue GmbH (K\u00f6penicker Stra\u00dfe 126, 10179 Berlin; registered office: Berlin &#8211; Germany; VAT ID No. DE276534027). Sendinblue acts in accordance with the GDPR and is a certified partner of the Certified Senders Alliance (CSA).<\/p>\n<p>We use the following personal data for sending the newsletter: Mail address. In addition, Sendinblue collects and uses the following personal data: IP address, time of registration. This is done in compliance with the legal basis Art. 6 para. 1 lit. a DSGVO. The data will be stored as long as it is required to send the newsletter and as long as consent exists, or until objection or unsubscription from the newsletter.<\/p>\n<p>The newsletter can be unsubscribed at any time via the unsubscribe link in the newsletter itself or via the unsubscribe page (<a href=\"https:\/\/8e3203a3.sibforms.com\/serve\/MUIEAPotpbYIhsRlWRFPp-Zi25D9M-zwG8fzVLyGAsY_sR2MqlYJALeqkqCdOSaMI7FTTJpehoGEWM1etVKIdJIJbdGCvoMkgG4O4Zx2uAa_F8cQ2D3dQxvTIUxdPFnEbjsxmg54QVCQ4BJACMdLHMOKzsm_8f0WvfEjM2gQCoA_WjCtJJu917CUmRyDha3OEnucEw0c_oPUJO41\">unsubscribe form newsletter (sibforms.com)<\/a>).<\/p>\n<p>&nbsp;<\/p>\n<p><strong>4. Analytics and advertising<\/strong><\/p>\n<p><strong>Google Analytics<\/strong><br \/>This website uses Google Analytics, a web analytics service. It is operated by Google Inc., 1600 Amphitheatre Parkway, Mountain View, CA 94043, USA.<\/p>\n<p>Google Analytics uses so-called \u00bbcookies\u00ab. These are text files that are stored on your computer and that allow an analysis of the use of the website by you. The information generated by the cookie about your use of this website is usually transmitted to a Google server in the USA and stored there.<\/p>\n<p>Google Analytics cookies are stored based on Art. 6 (1) (f) DSGVO. The website operator has a legitimate interest in analyzing user behavior to optimize both its website and its advertising.<\/p>\n<p><strong>IP anonymization<\/strong><br \/>We have activated the IP anonymization feature on this website. Your IP address will be shortened by Google within the European Union or other parties to the Agreement on the European Economic Area prior to transmission to the United States. Only in exceptional cases is the full IP address sent to a Google server in the US and shortened there. Google will use this information on behalf of the operator of this website to evaluate your use of the website, to compile reports on website activity, and to provide other services regarding website activity and Internet usage for the website operator. The IP address transmitted by your browser as part of Google Analytics will not be merged with any other data held by Google.<\/p>\n<p><strong>Browser plugin<\/strong><br \/>You can prevent these cookies being stored by selecting the appropriate settings in your browser. However, we wish to point out that doing so may mean you will not be able to enjoy the full functionality of this website. You can also prevent the data generated by cookies about your use of the website (incl. your IP address) from being passed to Google, and the processing of these data by Google, by downloading and installing the browser plugin available at the following link: <a href=\"https:\/\/tools.google.com\/dlpage\/gaoptout?hl=de\">https:\/\/tools.google.com\/dlpage\/gaoptout?hl=de<\/a>.<\/p>\n<p><strong>Objecting to the collection of data<\/strong><br \/>You can prevent the collection of your data by Google Analytics by clicking on the following link. An opt-out cookie will be set to prevent your data from being collected on future visits to this site:<a href=\"https:\/\/tools.google.com\/dlpage\/gaoptout?hl=de\">Disable Google Analytics.<\/a><\/p>\n<p>For more information about how Google Analytics handles user data, see Google&#8217;s privacy policy: <a href=\"https:\/\/support.google.com\/analytics\/answer\/6004245?hl=de\">https:\/\/support.google.com\/analytics\/answer\/6004245?hl=de<\/a>.<\/p>\n<p><strong>Auftragsdatenverarbeitung<\/strong><br \/>We have entered into an agreement with Google for the outsourcing of our data processing and fully implement the strict requirements of the German data protection authorities when using Google Analytics.<\/p>\n<p><strong>Demographic data collection by Google Analytics<\/strong><br \/>This website uses Google Analytics&#8217; demographic features. This allows reports to be generated containing statements about the age, gender, and interests of site visitors. This data comes from interest-based advertising from Google and third-party visitor data. This collected data cannot be attributed to any specific individual person. You can disable this feature at any time by adjusting the ads settings in your Google account or you can forbid the collection of your data by Google Analytics as described in the section \u00bbRefusal of data collection\u00ab.<\/p>\n<p>[\/et_pb_text][\/et_pb_column][et_pb_column type=&#8221;1_5&#8243; _builder_version=&#8221;4.16&#8243; custom_padding=&#8221;|||&#8221; global_colors_info=&#8221;{}&#8221; custom_padding__hover=&#8221;|||&#8221;][\/et_pb_column][\/et_pb_row][\/et_pb_section]<\/p>\n","protected":false},"excerpt":{"rendered":"<p>Privacy Policy\u00a0THE NECESSARY FINE PRINT 1. An overview of data protection &nbsp; GeneralThe following gives a simple overview of what happens to your personal information when you visit our website. Personal information is any data with which you could be personally identified. Detailed information on the subject of data protection can be found in our&hellip;<\/p>\n","protected":false},"author":1,"featured_media":0,"parent":0,"menu_order":0,"comment_status":"closed","ping_status":"open","template":"","meta":{"_et_pb_use_builder":"on","_et_pb_old_content":"<!-- wp:heading -->\r\n<h2>Wer wir sind<\/h2>\r\n<!-- \/wp:heading --><!-- wp:paragraph -->\r\n<p>Die Adresse unserer Website ist: https:\/\/schrammen.info.<\/p>\r\n<!-- \/wp:paragraph --><!-- wp:heading -->\r\n<h2>Welche personenbezogenen Daten wir sammeln und warum wir sie sammeln<\/h2>\r\n<!-- \/wp:heading --><!-- wp:heading {\"level\":3} -->\r\n<h3>Kommentare<\/h3>\r\n<!-- \/wp:heading --><!-- wp:paragraph -->\r\n<p>Wenn Besucher Kommentare auf der Website schreiben, sammeln wir die Daten, die im Kommentar-Formular angezeigt werden, au\u00dferdem die IP-Adresse des Besuchers und den User-Agent-String (damit wird der Browser identifiziert), um die Erkennung von Spam zu unterst\u00fctzen.<\/p>\r\n<!-- \/wp:paragraph --><!-- wp:paragraph -->\r\n<p>Aus deiner E-Mail-Adresse kann eine anonymisierte Zeichenfolge erstellt (auch Hash genannt) und dem Gravatar-Dienst \u00fcbergeben werden, um zu pr\u00fcfen, ob du diesen benutzt. Die Datenschutzerkl\u00e4rung des Gravatar-Dienstes findest du hier: https:\/\/automattic.com\/privacy\/. Nachdem dein Kommentar freigegeben wurde, ist dein Profilbild \u00f6ffentlich im Kontext deines Kommentars sichtbar.<\/p>\r\n<!-- \/wp:paragraph --><!-- wp:heading {\"level\":3} -->\r\n<h3>Medien<\/h3>\r\n<!-- \/wp:heading --><!-- wp:paragraph -->\r\n<p>Wenn du ein registrierter Benutzer bist und Fotos auf diese Website l\u00e4dst, solltest du vermeiden, Fotos mit einem EXIF-GPS-Standort hochzuladen. Besucher dieser Website k\u00f6nnten Fotos, die auf dieser Website gespeichert sind, herunterladen und deren Standort-Informationen extrahieren.<\/p>\r\n<!-- \/wp:paragraph --><!-- wp:heading {\"level\":3} -->\r\n<h3>Kontaktformulare<\/h3>\r\n<!-- \/wp:heading --><!-- wp:heading {\"level\":3} -->\r\n<h3>Cookies<\/h3>\r\n<!-- \/wp:heading --><!-- wp:paragraph -->\r\n<p>Wenn du einen Kommentar auf unserer Website schreibst, kann das eine Einwilligung sein, deinen Namen, E-Mail-Adresse und Website in Cookies zu speichern. Dies ist eine Komfortfunktion, damit du nicht, wenn du einen weiteren Kommentar schreibst, all diese Daten erneut eingeben musst. Diese Cookies werden ein Jahr lang gespeichert.<\/p>\r\n<!-- \/wp:paragraph --><!-- wp:paragraph -->\r\n<p>Falls du ein Konto hast und dich auf dieser Website anmeldest, werden wir ein tempor\u00e4res Cookie setzen, um festzustellen, ob dein Browser Cookies akzeptiert. Dieses Cookie enth\u00e4lt keine personenbezogenen Daten und wird verworfen, wenn du deinen Browser schlie\u00dft.<\/p>\r\n<!-- \/wp:paragraph --><!-- wp:paragraph -->\r\n<p>Wenn du dich anmeldest, werden wir einige Cookies einrichten, um deine Anmeldeinformationen und Anzeigeoptionen zu speichern. Anmelde-Cookies verfallen nach zwei Tagen und Cookies f\u00fcr die Anzeigeoptionen nach einem Jahr. Falls du bei der Anmeldung \u201eAngemeldet bleiben\u201c ausw\u00e4hlst, wird deine Anmeldung zwei Wochen lang aufrechterhalten. Mit der Abmeldung aus deinem Konto werden die Anmelde-Cookies gel\u00f6scht.<\/p>\r\n<!-- \/wp:paragraph --><!-- wp:paragraph -->\r\n<p>Wenn du einen Artikel bearbeitest oder ver\u00f6ffentlichst, wird ein zus\u00e4tzlicher Cookie in deinem Browser gespeichert. Dieser Cookie enth\u00e4lt keine personenbezogenen Daten und verweist nur auf die Beitrags-ID des Artikels, den du gerade bearbeitet hast. Der Cookie verf\u00e4llt nach einem Tag.<\/p>\r\n<!-- \/wp:paragraph --><!-- wp:heading {\"level\":3} -->\r\n<h3>Eingebettete Inhalte von anderen Websites<\/h3>\r\n<!-- \/wp:heading --><!-- wp:paragraph -->\r\n<p>Beitr\u00e4ge auf dieser Website k\u00f6nnen eingebettete Inhalte beinhalten (z.\u00a0B. Videos, Bilder, Beitr\u00e4ge etc.). Eingebettete Inhalte von anderen Websites verhalten sich exakt so, als ob der Besucher die andere Website besucht h\u00e4tte.<\/p>\r\n<!-- \/wp:paragraph --><!-- wp:paragraph -->\r\n<p>Diese Websites k\u00f6nnen Daten \u00fcber dich sammeln, Cookies benutzen, zus\u00e4tzliche Tracking-Dienste von Dritten einbetten und deine Interaktion mit diesem eingebetteten Inhalt aufzeichnen, inklusive deiner Interaktion mit dem eingebetteten Inhalt, falls du ein Konto hast und auf dieser Website angemeldet bist.<\/p>\r\n<!-- \/wp:paragraph --><!-- wp:heading {\"level\":3} -->\r\n<h3>Analysedienste<\/h3>\r\n<!-- \/wp:heading --><!-- wp:heading -->\r\n<h2>Mit wem wir deine Daten teilen<\/h2>\r\n<!-- \/wp:heading --><!-- wp:heading -->\r\n<h2>Wie lange wir deine Daten speichern<\/h2>\r\n<!-- \/wp:heading --><!-- wp:paragraph -->\r\n<p>Wenn du einen Kommentar schreibst, wird dieser inklusive Metadaten zeitlich unbegrenzt gespeichert. Auf diese Art k\u00f6nnen wir Folgekommentare automatisch erkennen und freigeben, anstelle sie in einer Moderations-Warteschlange festzuhalten.<\/p>\r\n<!-- \/wp:paragraph --><!-- wp:paragraph -->\r\n<p>F\u00fcr Benutzer, die sich auf unserer Website registrieren, speichern wir zus\u00e4tzlich die pers\u00f6nlichen Informationen, die sie in ihren Benutzerprofilen angeben. Alle Benutzer k\u00f6nnen jederzeit ihre pers\u00f6nlichen Informationen einsehen, ver\u00e4ndern oder l\u00f6schen (der Benutzername kann nicht ver\u00e4ndert werden). Administratoren der Website k\u00f6nnen diese Informationen ebenfalls einsehen und ver\u00e4ndern.<\/p>\r\n<!-- \/wp:paragraph --><!-- wp:heading -->\r\n<h2>Welche Rechte du an deinen Daten hast<\/h2>\r\n<!-- \/wp:heading --><!-- wp:paragraph -->\r\n<p>Wenn du ein Konto auf dieser Website besitzt oder Kommentare geschrieben hast, kannst du einen Export deiner personenbezogenen Daten bei uns anfordern, inklusive aller Daten, die du uns mitgeteilt hast. Dar\u00fcber hinaus kannst du die L\u00f6schung aller personenbezogenen Daten, die wir von dir gespeichert haben, anfordern. Dies umfasst nicht die Daten, die wir aufgrund administrativer, rechtlicher oder sicherheitsrelevanter Notwendigkeiten aufbewahren m\u00fcssen.<\/p>\r\n<!-- \/wp:paragraph --><!-- wp:heading -->\r\n<h2>Wohin wir deine Daten senden<\/h2>\r\n<!-- \/wp:heading --><!-- wp:paragraph -->\r\n<p>Besucher-Kommentare k\u00f6nnten von einem automatisierten Dienst zur Spam-Erkennung untersucht werden.<\/p>\r\n<!-- \/wp:paragraph --><!-- wp:heading -->\r\n<h2>Deine Kontakt-Informationen<\/h2>\r\n<!-- \/wp:heading --><!-- wp:heading -->\r\n<h2>Weitere Informationen<\/h2>\r\n<!-- \/wp:heading --><!-- wp:heading {\"level\":3} -->\r\n<h3>Wie wir deine Daten sch\u00fctzen<\/h3>\r\n<!-- \/wp:heading --><!-- wp:heading {\"level\":3} -->\r\n<h3>Welche Ma\u00dfnahmen wir bei Datenschutzverletzungen anbieten<\/h3>\r\n<!-- \/wp:heading --><!-- wp:heading {\"level\":3} -->\r\n<h3>Von welchen Drittanbietern wir Daten erhalten<\/h3>\r\n<!-- \/wp:heading --><!-- wp:heading {\"level\":3} -->\r\n<h3>Welche automatisierte Entscheidungsfindung und\/oder Profilerstellung wir mit Benutzerdaten durchf\u00fchren<\/h3>\r\n<!-- \/wp:heading --><!-- wp:heading {\"level\":3} -->\r\n<h3>Industrielle aufsichtsrechtliche Regulierungsanforderungen<\/h3>\r\n<!-- \/wp:heading -->","_et_gb_content_width":"","footnotes":""},"class_list":["post-32168","page","type-page","status-publish","hentry"],"_links":{"self":[{"href":"https:\/\/schrammen.info\/en\/wp-json\/wp\/v2\/pages\/32168","targetHints":{"allow":["GET"]}}],"collection":[{"href":"https:\/\/schrammen.info\/en\/wp-json\/wp\/v2\/pages"}],"about":[{"href":"https:\/\/schrammen.info\/en\/wp-json\/wp\/v2\/types\/page"}],"author":[{"embeddable":true,"href":"https:\/\/schrammen.info\/en\/wp-json\/wp\/v2\/users\/1"}],"replies":[{"embeddable":true,"href":"https:\/\/schrammen.info\/en\/wp-json\/wp\/v2\/comments?post=32168"}],"version-history":[{"count":1,"href":"https:\/\/schrammen.info\/en\/wp-json\/wp\/v2\/pages\/32168\/revisions"}],"predecessor-version":[{"id":42794,"href":"https:\/\/schrammen.info\/en\/wp-json\/wp\/v2\/pages\/32168\/revisions\/42794"}],"wp:attachment":[{"href":"https:\/\/schrammen.info\/en\/wp-json\/wp\/v2\/media?parent=32168"}],"curies":[{"name":"wp","href":"https:\/\/api.w.org\/{rel}","templated":true}]}}