{"id":32109,"date":"2019-09-03T08:13:39","date_gmt":"2019-09-03T06:13:39","guid":{"rendered":"https:\/\/schrammen.info\/stage\/impressum\/"},"modified":"2019-09-27T11:36:53","modified_gmt":"2019-09-27T09:36:53","slug":"impressum","status":"publish","type":"page","link":"https:\/\/schrammen.info\/en\/impressum\/","title":{"rendered":"Imprint"},"content":{"rendered":"<p>[et_pb_section bb_built=&#8221;1&#8243; inner_width_tablet=&#8221;50px&#8221; inner_max_width_tablet=&#8221;50px&#8221; _builder_version=&#8221;3.22.7&#8243; z_index_tablet=&#8221;500&#8243; next_background_color=&#8221;#000000&#8243; disabled=&#8221;off&#8221; disabled_on=&#8221;off|off|&#8221;][et_pb_row _builder_version=&#8221;3.22.7&#8243;][et_pb_column type=&#8221;4_4&#8243;][et_pb_text admin_label=&#8221;Impressum \u00dcberschrift&#8221; _builder_version=&#8221;3.22.7&#8243; text_text_shadow_horizontal_length=&#8221;text_text_shadow_style,%91object Object%93&#8243; text_text_shadow_vertical_length=&#8221;text_text_shadow_style,%91object Object%93&#8243; text_text_shadow_blur_strength=&#8221;text_text_shadow_style,%91object Object%93&#8243; link_text_shadow_horizontal_length=&#8221;link_text_shadow_style,%91object Object%93&#8243; link_text_shadow_vertical_length=&#8221;link_text_shadow_style,%91object Object%93&#8243; link_text_shadow_blur_strength=&#8221;link_text_shadow_style,%91object Object%93&#8243; ul_text_shadow_horizontal_length=&#8221;ul_text_shadow_style,%91object Object%93&#8243; ul_text_shadow_vertical_length=&#8221;ul_text_shadow_style,%91object Object%93&#8243; ul_text_shadow_blur_strength=&#8221;ul_text_shadow_style,%91object Object%93&#8243; ol_text_shadow_horizontal_length=&#8221;ol_text_shadow_style,%91object Object%93&#8243; ol_text_shadow_vertical_length=&#8221;ol_text_shadow_style,%91object Object%93&#8243; ol_text_shadow_blur_strength=&#8221;ol_text_shadow_style,%91object Object%93&#8243; quote_text_shadow_horizontal_length=&#8221;quote_text_shadow_style,%91object Object%93&#8243; quote_text_shadow_vertical_length=&#8221;quote_text_shadow_style,%91object Object%93&#8243; quote_text_shadow_blur_strength=&#8221;quote_text_shadow_style,%91object Object%93&#8243; header_text_shadow_horizontal_length=&#8221;header_text_shadow_style,%91object Object%93&#8243; header_text_shadow_vertical_length=&#8221;header_text_shadow_style,%91object Object%93&#8243; header_text_shadow_blur_strength=&#8221;header_text_shadow_style,%91object Object%93&#8243; header_2_text_shadow_horizontal_length=&#8221;header_2_text_shadow_style,%91object Object%93&#8243; header_2_text_shadow_vertical_length=&#8221;header_2_text_shadow_style,%91object Object%93&#8243; header_2_text_shadow_blur_strength=&#8221;header_2_text_shadow_style,%91object Object%93&#8243; header_3_text_shadow_horizontal_length=&#8221;header_3_text_shadow_style,%91object Object%93&#8243; header_3_text_shadow_vertical_length=&#8221;header_3_text_shadow_style,%91object Object%93&#8243; header_3_text_shadow_blur_strength=&#8221;header_3_text_shadow_style,%91object Object%93&#8243; header_4_text_shadow_horizontal_length=&#8221;header_4_text_shadow_style,%91object Object%93&#8243; header_4_text_shadow_vertical_length=&#8221;header_4_text_shadow_style,%91object Object%93&#8243; header_4_text_shadow_blur_strength=&#8221;header_4_text_shadow_style,%91object Object%93&#8243; header_5_text_shadow_horizontal_length=&#8221;header_5_text_shadow_style,%91object Object%93&#8243; header_5_text_shadow_vertical_length=&#8221;header_5_text_shadow_style,%91object Object%93&#8243; header_5_text_shadow_blur_strength=&#8221;header_5_text_shadow_style,%91object Object%93&#8243; header_6_text_shadow_horizontal_length=&#8221;header_6_text_shadow_style,%91object Object%93&#8243; header_6_text_shadow_vertical_length=&#8221;header_6_text_shadow_style,%91object Object%93&#8243; header_6_text_shadow_blur_strength=&#8221;header_6_text_shadow_style,%91object Object%93&#8243; z_index_tablet=&#8221;500&#8243; custom_margin=&#8221;10px||-90px|&#8221; custom_margin_last_edited=&#8221;on|desktop&#8221; custom_margin_tablet=&#8221;-10px||-96px|&#8221;]<\/p>\n<h2 style=\"text-align: center;\"><span id=\"kontakttitle\" style=\"font-family: 'Frutiger LT W05_65 Bold5223371', Helvetica, Arial, Lucida, sans-serif !important; font-size: 80px;\">Imprint<\/span><\/h2>\n<p>\u00a0<\/p>\n<p style=\"text-align: center;\"><span style=\"font-family: 'Frutiger LT W05_65 Bold5223371',Helvetica,Arial,Lucida,sans-serif!important; font-size: 20px;\">WHO BEARS THE RESPONSIBILITY<\/span><\/p>\n<p>[\/et_pb_text][\/et_pb_column][\/et_pb_row][\/et_pb_section][et_pb_section bb_built=&#8221;1&#8243; inner_width_tablet=&#8221;50px&#8221; inner_max_width_tablet=&#8221;50px&#8221; _builder_version=&#8221;3.22.7&#8243; z_index_tablet=&#8221;500&#8243; prev_background_color=&#8221;#000000&#8243;][et_pb_row][et_pb_column type=&#8221;1_5&#8243;][\/et_pb_column][et_pb_column type=&#8221;3_5&#8243;][et_pb_text _builder_version=&#8221;3.22.7&#8243; text_text_shadow_horizontal_length=&#8221;text_text_shadow_style,%91object Object%93&#8243; text_text_shadow_vertical_length=&#8221;text_text_shadow_style,%91object Object%93&#8243; text_text_shadow_blur_strength=&#8221;text_text_shadow_style,%91object Object%93&#8243; link_text_shadow_horizontal_length=&#8221;link_text_shadow_style,%91object Object%93&#8243; link_text_shadow_vertical_length=&#8221;link_text_shadow_style,%91object Object%93&#8243; link_text_shadow_blur_strength=&#8221;link_text_shadow_style,%91object Object%93&#8243; ul_text_shadow_horizontal_length=&#8221;ul_text_shadow_style,%91object Object%93&#8243; ul_text_shadow_vertical_length=&#8221;ul_text_shadow_style,%91object Object%93&#8243; ul_text_shadow_blur_strength=&#8221;ul_text_shadow_style,%91object Object%93&#8243; ol_text_shadow_horizontal_length=&#8221;ol_text_shadow_style,%91object Object%93&#8243; ol_text_shadow_vertical_length=&#8221;ol_text_shadow_style,%91object Object%93&#8243; ol_text_shadow_blur_strength=&#8221;ol_text_shadow_style,%91object Object%93&#8243; quote_text_shadow_horizontal_length=&#8221;quote_text_shadow_style,%91object Object%93&#8243; quote_text_shadow_vertical_length=&#8221;quote_text_shadow_style,%91object Object%93&#8243; quote_text_shadow_blur_strength=&#8221;quote_text_shadow_style,%91object Object%93&#8243; header_text_shadow_horizontal_length=&#8221;header_text_shadow_style,%91object Object%93&#8243; header_text_shadow_vertical_length=&#8221;header_text_shadow_style,%91object Object%93&#8243; header_text_shadow_blur_strength=&#8221;header_text_shadow_style,%91object Object%93&#8243; header_2_text_shadow_horizontal_length=&#8221;header_2_text_shadow_style,%91object Object%93&#8243; header_2_text_shadow_vertical_length=&#8221;header_2_text_shadow_style,%91object Object%93&#8243; header_2_text_shadow_blur_strength=&#8221;header_2_text_shadow_style,%91object Object%93&#8243; header_3_text_shadow_horizontal_length=&#8221;header_3_text_shadow_style,%91object Object%93&#8243; header_3_text_shadow_vertical_length=&#8221;header_3_text_shadow_style,%91object Object%93&#8243; header_3_text_shadow_blur_strength=&#8221;header_3_text_shadow_style,%91object Object%93&#8243; header_4_text_shadow_horizontal_length=&#8221;header_4_text_shadow_style,%91object Object%93&#8243; header_4_text_shadow_vertical_length=&#8221;header_4_text_shadow_style,%91object Object%93&#8243; header_4_text_shadow_blur_strength=&#8221;header_4_text_shadow_style,%91object Object%93&#8243; header_5_text_shadow_horizontal_length=&#8221;header_5_text_shadow_style,%91object Object%93&#8243; header_5_text_shadow_vertical_length=&#8221;header_5_text_shadow_style,%91object Object%93&#8243; header_5_text_shadow_blur_strength=&#8221;header_5_text_shadow_style,%91object Object%93&#8243; header_6_text_shadow_horizontal_length=&#8221;header_6_text_shadow_style,%91object Object%93&#8243; header_6_text_shadow_vertical_length=&#8221;header_6_text_shadow_style,%91object Object%93&#8243; header_6_text_shadow_blur_strength=&#8221;header_6_text_shadow_style,%91object Object%93&#8243; z_index_tablet=&#8221;500&#8243; custom_margin=&#8221;-20px||-10px|&#8221; custom_margin_tablet=&#8221;0px||-10px|&#8221; custom_margin_last_edited=&#8221;on|tablet&#8221; text_font=&#8221;frutiger light||||||||&#8221;]<\/p>\n<p style=\"text-align: left;\"><strong>Schrammen Architekten BDA<\/strong><br \/>GmbH &amp; Co. KG<br \/>Architekt, Stadtplaner und Generalplaner<br \/>Karmannsstra\u00dfe 57<br \/>D-41061 M\u00f6chengladbach<\/p>\n<p>&nbsp;<\/p>\n<p style=\"text-align: left;\"><a href=\"tel:+4900216182388-0\">T +49 (0) 2161 82388-0<\/a><br \/>F +49 (0) 2161 82388-8<\/p>\n<p>&nbsp;<\/p>\n<div class=\"textwidget\">\n<p class=\"paragraph\"><a href=\"mailto:schrammen@schrammen.info\">schrammen@schrammen.info<\/a><\/p>\n<p>&nbsp;<\/p>\n<p class=\"paragraph\"><strong>Managing Director<\/strong><br \/>Dr.-Ing. Architekt Burkhard Schrammen<\/p>\n<p>&nbsp;<\/p>\n<p class=\"paragraph\">Commercial register: District court M\u00f6nchengladbach HRA 5725<\/p>\n<p>Personally liable partner: Schrammen GmbH<br \/>Based in: M\u00f6nchengladbach<br \/>Commercial register: District court M\u00f6nchengladbach HRB 11229<br \/>Tax registration number: DE 243772698<\/p>\n<\/div>\n<p>&nbsp;<\/p>\n<p><strong>Disclaimer<\/strong><br \/>The Schrammen Architekten BDA GmbH &amp; Co. KG regularly checks and updates the information contained on its website. Despite all care and attention, data and information of any kind could have changed in the meantime. Liability, warranty or any other responsibility for the up-to-dateness, correctness and completeness of the information provided can therefore not be accepted.<\/p>\n<p>&nbsp;<\/p>\n<p>The Schrammen Architekten BDA GmbH &amp; Co. KG, and its subsidiaries, expressly disclaim any form of liability, whether contractual liability, law of torts, liability regardless of fault or any other liability, for any direct or indirect damages, incidental damages and penalties, including compensation or special damages resulting from or in connection with access to the Schrammen Architekten BDA GmbH &amp; Co. KG website, whether used or not used, or any failure in performance, interruption, defect, delay in transmission, computer virus or other harmful components, line or system failures in connection with the Schrammen Architekten BDA GmbH &amp; Co. KG website, irrespective of whether the Schrammen Architekten BDA GmbH &amp; Co. KG its subsidiaries were aware or not of the possibility of such damages.<\/p>\n<p>&nbsp;<\/p>\n<p>Furthermore, the Schrammen Architekten BDA GmbH &amp; Co. KG reserves its right to make further changes or amendments to the information provided.<\/p>\n<p>&nbsp;<\/p>\n<p>The content, structure and design of the Schrammen Architekten BDA GmbH &amp; Co. KG website are protected by copyright. The reproduction, modification, display, distribution, transmission, publication, sale, licensing, processing, removal or use of information or data for any purpose whatsoever, especially the use of text, text parts or images, requires the prior written consent of the Schrammen Architekten BDA GmbH &amp; Co. KG.<\/p>\n<p>[\/et_pb_text][\/et_pb_column][et_pb_column type=&#8221;1_5&#8243;][\/et_pb_column][\/et_pb_row][\/et_pb_section]<\/p>\n","protected":false},"excerpt":{"rendered":"<p>Imprint\u00a0WHO BEARS THE RESPONSIBILITY <div class=\"et_pb_row et_pb_row_0 et_pb_row_empty\">\n\t\t\t\t\n\t\t\t\t\n\t\t\t\t\n\t\t\t\t\n\t\t\t\t\n\t\t\t<\/div> Schrammen Architekten BDAGmbH &amp; Co. KGArchitekt, Stadtplaner und GeneralplanerKarmannsstra\u00dfe 57D-41061 M\u00f6chengladbach &nbsp; T +49 (0) 2161 82388-0F +49 (0) 2161 82388-8 &nbsp; schrammen@schrammen.info &nbsp; Managing DirectorDr.-Ing. Architekt Burkhard Schrammen &nbsp; Commercial register: District court M\u00f6nchengladbach HRA 5725 Personally liable partner: Schrammen GmbHBased in: M\u00f6nchengladbachCommercial register: District court M\u00f6nchengladbach HRB 11229Tax&hellip;<\/p>\n","protected":false},"author":1,"featured_media":0,"parent":0,"menu_order":0,"comment_status":"closed","ping_status":"closed","template":"","meta":{"_et_pb_use_builder":"on","_et_pb_old_content":"","_et_gb_content_width":"","footnotes":""},"class_list":["post-32109","page","type-page","status-publish","hentry"],"_links":{"self":[{"href":"https:\/\/schrammen.info\/en\/wp-json\/wp\/v2\/pages\/32109","targetHints":{"allow":["GET"]}}],"collection":[{"href":"https:\/\/schrammen.info\/en\/wp-json\/wp\/v2\/pages"}],"about":[{"href":"https:\/\/schrammen.info\/en\/wp-json\/wp\/v2\/types\/page"}],"author":[{"embeddable":true,"href":"https:\/\/schrammen.info\/en\/wp-json\/wp\/v2\/users\/1"}],"replies":[{"embeddable":true,"href":"https:\/\/schrammen.info\/en\/wp-json\/wp\/v2\/comments?post=32109"}],"version-history":[{"count":0,"href":"https:\/\/schrammen.info\/en\/wp-json\/wp\/v2\/pages\/32109\/revisions"}],"wp:attachment":[{"href":"https:\/\/schrammen.info\/en\/wp-json\/wp\/v2\/media?parent=32109"}],"curies":[{"name":"wp","href":"https:\/\/api.w.org\/{rel}","templated":true}]}}